{"id":3603,"date":"2024-03-18T08:59:21","date_gmt":"2024-03-18T08:59:21","guid":{"rendered":"https:\/\/demo.awaikenthemes.com\/solor\/?page_id=3603"},"modified":"2024-09-10T08:31:15","modified_gmt":"2024-09-10T08:31:15","slug":"onas","status":"publish","type":"page","link":"https:\/\/www.eobpolska.pl\/?page_id=3603","title":{"rendered":"O Nas"},"content":{"rendered":"\t\t<div data-elementor-type=\"wp-page\" data-elementor-id=\"3603\" class=\"elementor elementor-3603\">\n\t\t\t\t<div class=\"elementor-element elementor-element-14ee544 parallaxie e-flex e-con-boxed e-con e-parent\" data-id=\"14ee544\" data-element_type=\"container\" data-settings=\"{&quot;background_background&quot;:&quot;classic&quot;}\">\n\t\t\t\t\t<div class=\"e-con-inner\">\n\t\t<div class=\"elementor-element elementor-element-d50b194 e-con-full e-flex e-con e-child\" data-id=\"d50b194\" data-element_type=\"container\">\n\t\t\t\t<div class=\"elementor-element elementor-element-3a7747f solor-heading-animation solor-animation-heading-style-2 elementor-widget elementor-widget-heading\" data-id=\"3a7747f\" data-element_type=\"widget\" data-settings=\"{&quot;ekit_we_effect_on&quot;:&quot;none&quot;}\" data-widget_type=\"heading.default\">\n\t\t\t\t<div class=\"elementor-widget-container\">\n\t\t\t\t\t<h1 class=\"elementor-heading-title elementor-size-default\">O nas<\/h1>\t\t\t\t<\/div>\n\t\t\t\t<\/div>\n\t\t\t\t<div class=\"elementor-element elementor-element-457fea2 elementor-invisible elementor-widget elementor-widget-elementskit-breadcrumb\" data-id=\"457fea2\" data-element_type=\"widget\" data-settings=\"{&quot;_animation&quot;:&quot;fadeInUp&quot;,&quot;ekit_we_effect_on&quot;:&quot;none&quot;}\" data-widget_type=\"elementskit-breadcrumb.default\">\n\t\t\t\t<div class=\"elementor-widget-container\">\n\t\t\t\t\t<div class=\"ekit-wid-con\" ><ol class=\"ekit-breadcrumb\"><li class=\"ekit_breadcrumbs_start\"><a href=\"https:\/\/www.eobpolska.pl\">Home<\/a><\/li><\/ol><\/div>\t\t\t\t<\/div>\n\t\t\t\t<\/div>\n\t\t\t\t<\/div>\n\t\t\t\t\t<\/div>\n\t\t\t\t<\/div>\n\t\t<div class=\"elementor-element elementor-element-8a2343f e-flex e-con-boxed e-con e-parent\" data-id=\"8a2343f\" data-element_type=\"container\">\n\t\t\t\t\t<div class=\"e-con-inner\">\n\t\t\t\t<div class=\"elementor-element elementor-element-405f0f4 elementor-widget elementor-widget-elementskit-heading\" data-id=\"405f0f4\" data-element_type=\"widget\" data-settings=\"{&quot;ekit_we_effect_on&quot;:&quot;none&quot;}\" data-widget_type=\"elementskit-heading.default\">\n\t\t\t\t<div class=\"elementor-widget-container\">\n\t\t\t\t\t<div class=\"ekit-wid-con\" ><div class=\"ekit-heading elementskit-section-title-wraper text_left   ekit_heading_tablet-   ekit_heading_mobile-\"><h2 class=\"ekit-heading--title elementskit-section-title \">Poznaj nas <span><span>bli\u017cej<\/span><\/span><\/h2><div class=\"ekit_heading_separetor_wraper ekit_heading_elementskit-border-divider ekit-dotted\"><div class=\"elementskit-border-divider ekit-dotted\"><\/div><\/div><\/div><\/div>\t\t\t\t<\/div>\n\t\t\t\t<\/div>\n\t\t\t\t\t<\/div>\n\t\t\t\t<\/div>\n\t\t<div class=\"elementor-element elementor-element-af01aa3 e-flex e-con-boxed e-con e-parent\" data-id=\"af01aa3\" data-element_type=\"container\">\n\t\t\t\t\t<div class=\"e-con-inner\">\n\t\t\t\t<div class=\"elementor-element elementor-element-953c56a elementor-widget elementor-widget-text-editor\" data-id=\"953c56a\" data-element_type=\"widget\" data-settings=\"{&quot;ekit_we_effect_on&quot;:&quot;none&quot;}\" data-widget_type=\"text-editor.default\">\n\t\t\t\t<div class=\"elementor-widget-container\">\n\t\t\t\t\t\t\t\t\t<p>EOB Polska to nie tylko firma. To misja. Bran\u017ca Odnawialnych \u0179r\u00f3de\u0142 Energii to jeden z najbardziej dynamicznie rozwijaj\u0105cych si\u0119 rynk\u00f3w. Niestety zosta\u0142a zdominowana przez sprzedawc\u00f3w garnk\u00f3w i domokr\u0105\u017cc\u00f3w. Uczciwo\u015b\u0107 to waluta, a my jeste\u015bmy bankiem.\u00a0<\/p><p>Zwi\u0105zani z bran\u017c\u0105 OZE od 2019 roku. Jako handlowcy, jako podwykonawcy, jako monterzy. Od 2023 roku pod w\u0142asn\u0105 mark\u0105 EOB Polska.<\/p><p>Nasz\u0105 <strong>promocj\u0105<\/strong> jest <strong>jako\u015b\u0107<\/strong>. To nie tylko has\u0142o, a idea, kt\u00f3ra przy\u015bwieca naszej firmie. Nie korzystamy z bud\u017cetowych rozwi\u0105za\u0144, kiedy standardem jest kabel 4mm2, my za\u0142o\u017cymy 6mm2. Priorytetem w budowaniu instalacji najpierw jest bezpiecze\u0144stwo, nast\u0119pnie efektywno\u015b\u0107 i op\u0142acalno\u015b\u0107. Mamy wypracowany w\u0142asny standard instalacji, dzi\u0119ki kt\u00f3remu uzyskujemy powtarzalno\u015b\u0107 w jako\u015bci instalacji. Mamy w\u0142asne, osobi\u015bcie szkolone przez nas ekipy monterskie. Nie korzystamy z podwykonawc\u00f3w.<\/p>\t\t\t\t\t\t\t\t<\/div>\n\t\t\t\t<\/div>\n\t\t\t\t\t<\/div>\n\t\t\t\t<\/div>\n\t\t<div class=\"elementor-element elementor-element-d45d9a4 e-flex e-con-boxed e-con e-parent\" data-id=\"d45d9a4\" data-element_type=\"container\">\n\t\t\t\t\t<div class=\"e-con-inner\">\n\t\t\t\t<div class=\"elementor-element elementor-element-c01c52e elementor-widget__width-initial elementor-widget elementor-widget-elementskit-team\" data-id=\"c01c52e\" data-element_type=\"widget\" data-settings=\"{&quot;ekit_we_effect_on&quot;:&quot;none&quot;}\" data-widget_type=\"elementskit-team.default\">\n\t\t\t\t<div class=\"elementor-widget-container\">\n\t\t\t\t\t<div class=\"ekit-wid-con\">\t\t\t\t\t\t\t\t\n\t\t<div class=\"profile-card elementor-animation- text-center ekit-team-style-default\">\n\t\t\t\t\t\t\t<a aria-label=\"profile\" href=\"javascript:void(0)\" data-mfp-src=\"#ekit_team_modal_c01c52e_3603\" class=\"ekit-team-popup\">\n\t\t\t\n\t\t\t\t<div class=\"profile-header ekit-team-img ekit-img-overlay ekit-team-img-block\"  data-toggle=\"modal\" data-target=\"ekit_team_modal_#c01c52e_3603\" >\n\t\t\t\t\t<img fetchpriority=\"high\" decoding=\"async\" width=\"683\" height=\"1024\" src=\"https:\/\/www.eobpolska.pl\/wp-content\/uploads\/2024\/09\/DBS9829-683x1024.jpg\" class=\"attachment-large size-large wp-image-9127\" alt=\"\" srcset=\"https:\/\/www.eobpolska.pl\/wp-content\/uploads\/2024\/09\/DBS9829-683x1024.jpg 683w, https:\/\/www.eobpolska.pl\/wp-content\/uploads\/2024\/09\/DBS9829-200x300.jpg 200w, https:\/\/www.eobpolska.pl\/wp-content\/uploads\/2024\/09\/DBS9829-768x1151.jpg 768w, https:\/\/www.eobpolska.pl\/wp-content\/uploads\/2024\/09\/DBS9829-1025x1536.jpg 1025w, https:\/\/www.eobpolska.pl\/wp-content\/uploads\/2024\/09\/DBS9829.jpg 1334w\" sizes=\"(max-width: 683px) 100vw, 683px\" \/>\t\t\t\t<\/div><!-- .profile-header END -->\n\t\t\t\t\t\t\t<\/a>\n\t\t\t\n\n\t\t\t\t<div class=\"profile-body\">\n\t\t\t\t\t\n\t\t\t\t\t<h2 class=\"profile-title\">\n\t\t\t\t\t\t\t\t\t\t\t<a aria-label=\"profile\" href=\"javascript:void(0)\" data-mfp-src=\"#ekit_team_modal_c01c52e_3603\" class=\"ekit-team-popup\">\n\t\t\t\t\t\tMateusz Dybek\t\t\t\t\t\t<\/a>\n\t\t\t\t\t\t\t\t\t\t\t<\/h2>\n\t\t\t\t\t<p class=\"profile-designation\">CEO, Technik PV<\/p>\n\t\t\t\t\t\t\t\t\t<\/div><!-- .profile-body END -->\n\n\t\t\t\t\t\t\t\t\t<div class=\"profile-footer\">\n\t\t\t\t\t\t<ul class=\"ekit-team-social-list\">\n\t\t\t<li class=\"elementor-repeater-item-50325f6\">\n\t\t\t<a href=\"https:\/\/www.linkedin.com\/in\/mateusz-dybek-680482247\/\" aria-label=\"Pinterest\">\n\t\t\t\t<i aria-hidden=\"true\" class=\"fab fa-linkedin-in\"><\/i>\t\t\t<\/a>\n\t\t<\/li>\n\t<\/ul>\n\t\t\t\t\t<\/div>\n\t\t\t\t\t\t\t\t\t<\/div>\n\t\t\t\t\t\t\t\n\t\t\t\n\t\t\t\t\t<div class=\"zoom-anim-dialog mfp-hide elementskit-team-popup team-popup-id-c01c52e\" id=\"ekit_team_modal_c01c52e_3603\" tabindex=\"-1\" role=\"dialog\" aria-hidden=\"true\">\n\t\t\t\t<div class=\"modal-dialog modal-dialog-centered\" role=\"document\">\n\t\t\t\t\t<div class=\"modal-content\">\n\t\t\t\t\t\t<button type=\"button\" class=\"ekit-team-modal-close\">\n\t\t\t\t\t\t\t<i aria-hidden=\"true\" class=\"fas fa-times\"><\/i>\t\t\t\t\t\t<\/button>\n\n\t\t\t\t\t\t<div class=\"modal-body\">\n\t\t\t\t\t\t\t\t\t\t\t\t\t\t\t<div class=\"ekit-team-modal-img\">\n\t\t\t\t\t\t\t\t\t<img fetchpriority=\"high\" decoding=\"async\" width=\"683\" height=\"1024\" src=\"https:\/\/www.eobpolska.pl\/wp-content\/uploads\/2024\/09\/DBS9829-683x1024.jpg\" class=\"attachment-large size-large wp-image-9127\" alt=\"\" srcset=\"https:\/\/www.eobpolska.pl\/wp-content\/uploads\/2024\/09\/DBS9829-683x1024.jpg 683w, https:\/\/www.eobpolska.pl\/wp-content\/uploads\/2024\/09\/DBS9829-200x300.jpg 200w, https:\/\/www.eobpolska.pl\/wp-content\/uploads\/2024\/09\/DBS9829-768x1151.jpg 768w, https:\/\/www.eobpolska.pl\/wp-content\/uploads\/2024\/09\/DBS9829-1025x1536.jpg 1025w, https:\/\/www.eobpolska.pl\/wp-content\/uploads\/2024\/09\/DBS9829.jpg 1334w\" sizes=\"(max-width: 683px) 100vw, 683px\" \/>\t\t\t\t\t\t\t\t<\/div>\n\t\t\t\t\t\t\t\n\t\t\t\t\t\t\t<div class=\"ekit-team-modal-info has-img\">\n\t\t\t\t\t\t\t\t<h2 class=\"ekit-team-modal-title\">Mateusz Dybek<\/h2>\n\t\t\t\t\t\t\t\t<p class=\"ekit-team-modal-position\">CEO, Technik PV<\/p>\n\n\t\t\t\t\t\t\t\t<div class=\"ekit-team-modal-content\">\n\t\t\t\t\t\t\t\t\tSprz\u0119towy geek, optymalizacja sensem istnienia. Encyklopedia kart katalogowych, kt\u00f3re wieczorami poczytuje ch\u0119tniej, ni\u017c literatur\u0119.\t\t\t\t\t\t\t\t<\/div>\n\n\t\t\t\t\t\t\t\t\t\t\t\t\t\t\t\t\t<ul class=\"ekit-team-modal-list\">\n\t\t\t\t\t\t\t\t\t\t\t\t\t\t\t\t\t\t\t\t\t<li><strong>Telefon:<\/strong><a href=\"tel:739 922 030\">739 922 030<\/a><\/li>\n\t\t\t\t\t\t\t\t\t\t\n\t\t\t\t\t\t\t\t\t\t\t\t\t\t\t\t\t\t\t\t\t<li><strong>E-mail:<\/strong><a href=\"mailto:mateusz.dybek@eobpolska.pl\">mateusz.dybek@eobpolska.pl<\/a><\/li>\n\t\t\t\t\t\t\t\t\t\t\t\t\t\t\t\t\t\t\t<\/ul>\n\t\t\t\t\t\t\t\t\n\t\t\t\t\t\t\t\t<ul class=\"ekit-team-social-list\">\n\t\t\t<li class=\"elementor-repeater-item-50325f6\">\n\t\t\t<a href=\"https:\/\/www.linkedin.com\/in\/mateusz-dybek-680482247\/\" aria-label=\"Pinterest\">\n\t\t\t\t<i aria-hidden=\"true\" class=\"fab fa-linkedin-in\"><\/i>\t\t\t<\/a>\n\t\t<\/li>\n\t<\/ul>\n\t\t\t\t\t\t\t<\/div>\n\t\t\t\t\t\t<\/div>\n\t\t\t\t\t<\/div>\n\t\t\t\t<\/div>\n\t\t\t<\/div>\n\t\t\t\t<\/div>\t\t\t\t<\/div>\n\t\t\t\t<\/div>\n\t\t\t\t<div class=\"elementor-element elementor-element-37a9b3b elementor-widget__width-initial elementor-widget elementor-widget-elementskit-team\" data-id=\"37a9b3b\" data-element_type=\"widget\" data-settings=\"{&quot;ekit_we_effect_on&quot;:&quot;none&quot;}\" data-widget_type=\"elementskit-team.default\">\n\t\t\t\t<div class=\"elementor-widget-container\">\n\t\t\t\t\t<div class=\"ekit-wid-con\">\t\t\t\t\t\t\t\t\n\t\t<div class=\"profile-card elementor-animation- text-center ekit-team-style-default\">\n\t\t\t\t\t\t\t<a aria-label=\"profile\" href=\"javascript:void(0)\" data-mfp-src=\"#ekit_team_modal_37a9b3b_3603\" class=\"ekit-team-popup\">\n\t\t\t\n\t\t\t\t<div class=\"profile-header ekit-team-img ekit-img-overlay ekit-team-img-block\"  data-toggle=\"modal\" data-target=\"ekit_team_modal_#37a9b3b_3603\" >\n\t\t\t\t\t<img decoding=\"async\" width=\"683\" height=\"1024\" src=\"https:\/\/www.eobpolska.pl\/wp-content\/uploads\/2024\/09\/DBS9817-683x1024.jpg\" class=\"attachment-large size-large wp-image-9131\" alt=\"\" srcset=\"https:\/\/www.eobpolska.pl\/wp-content\/uploads\/2024\/09\/DBS9817-683x1024.jpg 683w, https:\/\/www.eobpolska.pl\/wp-content\/uploads\/2024\/09\/DBS9817-200x300.jpg 200w, https:\/\/www.eobpolska.pl\/wp-content\/uploads\/2024\/09\/DBS9817-768x1151.jpg 768w, https:\/\/www.eobpolska.pl\/wp-content\/uploads\/2024\/09\/DBS9817-1025x1536.jpg 1025w, https:\/\/www.eobpolska.pl\/wp-content\/uploads\/2024\/09\/DBS9817.jpg 1334w\" sizes=\"(max-width: 683px) 100vw, 683px\" \/>\t\t\t\t<\/div><!-- .profile-header END -->\n\t\t\t\t\t\t\t<\/a>\n\t\t\t\n\n\t\t\t\t<div class=\"profile-body\">\n\t\t\t\t\t\n\t\t\t\t\t<h2 class=\"profile-title\">\n\t\t\t\t\t\t\t\t\t\t\t<a aria-label=\"profile\" href=\"javascript:void(0)\" data-mfp-src=\"#ekit_team_modal_37a9b3b_3603\" class=\"ekit-team-popup\">\n\t\t\t\t\t\tDamian Potrz\u0105saj\t\t\t\t\t\t<\/a>\n\t\t\t\t\t\t\t\t\t\t\t<\/h2>\n\t\t\t\t\t<p class=\"profile-designation\">Dyrektor Generalny<\/p>\n\t\t\t\t\t\t\t\t\t<\/div><!-- .profile-body END -->\n\n\t\t\t\t\t\t\t\t\t<div class=\"profile-footer\">\n\t\t\t\t\t\t<ul class=\"ekit-team-social-list\">\n\t\t\t<li class=\"elementor-repeater-item-51b07c6\">\n\t\t\t<a href=\"https:\/\/facebook.com\" aria-label=\"Facebook\">\n\t\t\t\t<i aria-hidden=\"true\" class=\"icon icon-facebook\"><\/i>\t\t\t<\/a>\n\t\t<\/li>\n\t\t\t<li class=\"elementor-repeater-item-4ab7e65\">\n\t\t\t<a href=\"https:\/\/facebook.com\" aria-label=\"Twitter\">\n\t\t\t\t<i aria-hidden=\"true\" class=\"icon icon-twitter\"><\/i>\t\t\t<\/a>\n\t\t<\/li>\n\t\t\t<li class=\"elementor-repeater-item-d51e7b9\">\n\t\t\t<a href=\"https:\/\/facebook.com\" aria-label=\"Pinterest\">\n\t\t\t\t<i aria-hidden=\"true\" class=\"icon icon-pinterest\"><\/i>\t\t\t<\/a>\n\t\t<\/li>\n\t<\/ul>\n\t\t\t\t\t<\/div>\n\t\t\t\t\t\t\t\t\t<\/div>\n\t\t\t\t\t\t\t\n\t\t\t\n\t\t\t\t\t<div class=\"zoom-anim-dialog mfp-hide elementskit-team-popup team-popup-id-37a9b3b\" id=\"ekit_team_modal_37a9b3b_3603\" tabindex=\"-1\" role=\"dialog\" aria-hidden=\"true\">\n\t\t\t\t<div class=\"modal-dialog modal-dialog-centered\" role=\"document\">\n\t\t\t\t\t<div class=\"modal-content\">\n\t\t\t\t\t\t<button type=\"button\" class=\"ekit-team-modal-close\">\n\t\t\t\t\t\t\t<i aria-hidden=\"true\" class=\"fas fa-times\"><\/i>\t\t\t\t\t\t<\/button>\n\n\t\t\t\t\t\t<div class=\"modal-body\">\n\t\t\t\t\t\t\t\t\t\t\t\t\t\t\t<div class=\"ekit-team-modal-img\">\n\t\t\t\t\t\t\t\t\t<img decoding=\"async\" width=\"683\" height=\"1024\" src=\"https:\/\/www.eobpolska.pl\/wp-content\/uploads\/2024\/09\/DBS9817-683x1024.jpg\" class=\"attachment-large size-large wp-image-9131\" alt=\"\" srcset=\"https:\/\/www.eobpolska.pl\/wp-content\/uploads\/2024\/09\/DBS9817-683x1024.jpg 683w, https:\/\/www.eobpolska.pl\/wp-content\/uploads\/2024\/09\/DBS9817-200x300.jpg 200w, https:\/\/www.eobpolska.pl\/wp-content\/uploads\/2024\/09\/DBS9817-768x1151.jpg 768w, https:\/\/www.eobpolska.pl\/wp-content\/uploads\/2024\/09\/DBS9817-1025x1536.jpg 1025w, https:\/\/www.eobpolska.pl\/wp-content\/uploads\/2024\/09\/DBS9817.jpg 1334w\" sizes=\"(max-width: 683px) 100vw, 683px\" \/>\t\t\t\t\t\t\t\t<\/div>\n\t\t\t\t\t\t\t\n\t\t\t\t\t\t\t<div class=\"ekit-team-modal-info has-img\">\n\t\t\t\t\t\t\t\t<h2 class=\"ekit-team-modal-title\">Damian Potrz\u0105saj<\/h2>\n\t\t\t\t\t\t\t\t<p class=\"ekit-team-modal-position\">Dyrektor Generalny<\/p>\n\n\t\t\t\t\t\t\t\t<div class=\"ekit-team-modal-content\">\n\t\t\t\t\t\t\t\t\tSpecjalista od \"niemo\u017cliwe\". Kiedy s\u0142yszy od Klienta, \u017ce \"si\u0119 nie da\", wida\u0107 charakterystyczny b\u0142ysk w oku, a w ci\u0105gu 3 dni roboczych Klient dostaje gotowe rozwi\u0105zanie problemu \"nierozwi\u0105zywalnego\".\t\t\t\t\t\t\t\t<\/div>\n\n\t\t\t\t\t\t\t\t\t\t\t\t\t\t\t\t\t<ul class=\"ekit-team-modal-list\">\n\t\t\t\t\t\t\t\t\t\t\t\t\t\t\t\t\t\t\t\t\t<li><strong>Telefon:<\/strong><a href=\"tel:739 927 010\">739 927 010<\/a><\/li>\n\t\t\t\t\t\t\t\t\t\t\n\t\t\t\t\t\t\t\t\t\t\t\t\t\t\t\t\t\t\t\t\t<li><strong>E-mail:<\/strong><a href=\"mailto:damian.potrzasaj@eobpolska.pl\">damian.potrzasaj@eobpolska.pl<\/a><\/li>\n\t\t\t\t\t\t\t\t\t\t\t\t\t\t\t\t\t\t\t<\/ul>\n\t\t\t\t\t\t\t\t\n\t\t\t\t\t\t\t\t<ul class=\"ekit-team-social-list\">\n\t\t\t<li class=\"elementor-repeater-item-51b07c6\">\n\t\t\t<a href=\"https:\/\/facebook.com\" aria-label=\"Facebook\">\n\t\t\t\t<i aria-hidden=\"true\" class=\"icon icon-facebook\"><\/i>\t\t\t<\/a>\n\t\t<\/li>\n\t\t\t<li class=\"elementor-repeater-item-4ab7e65\">\n\t\t\t<a href=\"https:\/\/facebook.com\" aria-label=\"Twitter\">\n\t\t\t\t<i aria-hidden=\"true\" class=\"icon icon-twitter\"><\/i>\t\t\t<\/a>\n\t\t<\/li>\n\t\t\t<li class=\"elementor-repeater-item-d51e7b9\">\n\t\t\t<a href=\"https:\/\/facebook.com\" aria-label=\"Pinterest\">\n\t\t\t\t<i aria-hidden=\"true\" class=\"icon icon-pinterest\"><\/i>\t\t\t<\/a>\n\t\t<\/li>\n\t<\/ul>\n\t\t\t\t\t\t\t<\/div>\n\t\t\t\t\t\t<\/div>\n\t\t\t\t\t<\/div>\n\t\t\t\t<\/div>\n\t\t\t<\/div>\n\t\t\t\t<\/div>\t\t\t\t<\/div>\n\t\t\t\t<\/div>\n\t\t\t\t\t<\/div>\n\t\t\t\t<\/div>\n\t\t<div class=\"elementor-element elementor-element-9a5f236 e-flex e-con-boxed e-con e-parent\" data-id=\"9a5f236\" data-element_type=\"container\">\n\t\t\t\t\t<div class=\"e-con-inner\">\n\t\t\t\t\t<\/div>\n\t\t\t\t<\/div>\n\t\t\t\t<\/div>\n\t\t","protected":false},"excerpt":{"rendered":"<p>O nas Home Poznaj nas bli\u017cej EOB Polska to nie tylko firma. To misja. Bran\u017ca Odnawialnych \u0179r\u00f3de\u0142 Energii to jeden z najbardziej dynamicznie rozwijaj\u0105cych si\u0119 rynk\u00f3w. Niestety zosta\u0142a zdominowana przez sprzedawc\u00f3w garnk\u00f3w i domokr\u0105\u017cc\u00f3w. Uczciwo\u015b\u0107 to waluta, a my jeste\u015bmy bankiem.\u00a0 Zwi\u0105zani z bran\u017c\u0105 OZE od 2019 roku. Jako handlowcy, jako podwykonawcy, jako monterzy. Od [&hellip;]<\/p>\n","protected":false},"author":1,"featured_media":0,"parent":0,"menu_order":0,"comment_status":"closed","ping_status":"closed","template":"elementor_header_footer","meta":{"footnotes":""},"class_list":["post-3603","page","type-page","status-publish","hentry"],"_links":{"self":[{"href":"https:\/\/www.eobpolska.pl\/index.php?rest_route=\/wp\/v2\/pages\/3603","targetHints":{"allow":["GET"]}}],"collection":[{"href":"https:\/\/www.eobpolska.pl\/index.php?rest_route=\/wp\/v2\/pages"}],"about":[{"href":"https:\/\/www.eobpolska.pl\/index.php?rest_route=\/wp\/v2\/types\/page"}],"author":[{"embeddable":true,"href":"https:\/\/www.eobpolska.pl\/index.php?rest_route=\/wp\/v2\/users\/1"}],"replies":[{"embeddable":true,"href":"https:\/\/www.eobpolska.pl\/index.php?rest_route=%2Fwp%2Fv2%2Fcomments&post=3603"}],"version-history":[{"count":29,"href":"https:\/\/www.eobpolska.pl\/index.php?rest_route=\/wp\/v2\/pages\/3603\/revisions"}],"predecessor-version":[{"id":9159,"href":"https:\/\/www.eobpolska.pl\/index.php?rest_route=\/wp\/v2\/pages\/3603\/revisions\/9159"}],"wp:attachment":[{"href":"https:\/\/www.eobpolska.pl\/index.php?rest_route=%2Fwp%2Fv2%2Fmedia&parent=3603"}],"curies":[{"name":"wp","href":"https:\/\/api.w.org\/{rel}","templated":true}]}}